{"id":160,"date":"2026-01-09T19:03:39","date_gmt":"2026-01-09T19:03:39","guid":{"rendered":"https:\/\/infocard.hu\/shop\/?page_id=160"},"modified":"2026-01-22T12:50:50","modified_gmt":"2026-01-22T12:50:50","slug":"digitalis-nevjegyek","status":"publish","type":"page","link":"https:\/\/infocard.hu\/shop\/digitalis-nevjegyek\/","title":{"rendered":"Digit\u00e1lis N\u00e9vjegyek"},"content":{"rendered":"\n\n\n\n\n\n\n\n\n\n<h2>Digit\u00e1lis n\u00e9vjegy<\/h2>\n\n<p>Digit\u00e1lis n\u00e9vjegyk\u00e1rtya &#8211; egy \u00fajabb korszak praktikus megold\u00e1sa! Nem kopik, nem fog elfogyni a legrosszabb pillanatban, de mindig k\u00e9zn\u00e9l lesz!&nbsp;<\/p>\n\r\n\r\n\r\n\r\n\r\n\r\n\r\n\r\n\r\n\r\n\r\n\r\n\r\n\r\n\r\n\r\n\r\n\r\n\n\n\n<h2>v\u00e1laszd a hozz\u00e1d ill\u0151t!<\/h2>\n<p style=\"text-align: center; \">Ak\u00e1r a bankk\u00e1rtya m\u00e9ret\u0171t, ak\u00e1r a kulcstart\u00f3 jelleg\u0171 token n\u00e9vjegyet v\u00e1lasztod, a minimalista, \u00e1m eszt\u00e9tikus matric\u00e1z\u00e1s\u00fa, \u00e9s \u00edgy m\u00e1r el\u00e9rhet\u0151 \u00e1r\u00fa&nbsp; term\u00e9keinkkel magad is, de munkat\u00e1rsaidat, koll\u00e9g\u00e1idat is ell\u00e1thatod.<\/p>\n<p>M\u00e1r szinte mindenki fizet a telefonj\u00e1ra r\u00f6gz\u00edtett bankk\u00e1rty\u00e1val. Ha a partnered a telefonj\u00e1n aktiv\u00e1lja az NFC funkci\u00f3t, csak egy \u00e9rint\u00e9s, \u00e9s a teljes n\u00e9vjegyed azonnal megjelenik az \u0151 telefonj\u00e1n<span style=\"background-color: transparent;\">!<\/span><\/p>\n<p>Nem hagyja el, nem dobja ki, el\u00e9rhet\u0151 maradsz a sz\u00e1m\u00e1ra!<\/p>\n\n\n\n\n","protected":false},"excerpt":{"rendered":"","protected":false},"author":1,"featured_media":0,"parent":0,"menu_order":0,"comment_status":"closed","ping_status":"closed","template":"","meta":{"pagelayer_contact_templates":[],"_pagelayer_content":"","footnotes":""},"class_list":["post-160","page","type-page","status-publish","hentry"],"jetpack_sharing_enabled":true,"_links":{"self":[{"href":"https:\/\/infocard.hu\/shop\/wp-json\/wp\/v2\/pages\/160","targetHints":{"allow":["GET"]}}],"collection":[{"href":"https:\/\/infocard.hu\/shop\/wp-json\/wp\/v2\/pages"}],"about":[{"href":"https:\/\/infocard.hu\/shop\/wp-json\/wp\/v2\/types\/page"}],"author":[{"embeddable":true,"href":"https:\/\/infocard.hu\/shop\/wp-json\/wp\/v2\/users\/1"}],"replies":[{"embeddable":true,"href":"https:\/\/infocard.hu\/shop\/wp-json\/wp\/v2\/comments?post=160"}],"version-history":[{"count":6,"href":"https:\/\/infocard.hu\/shop\/wp-json\/wp\/v2\/pages\/160\/revisions"}],"predecessor-version":[{"id":511,"href":"https:\/\/infocard.hu\/shop\/wp-json\/wp\/v2\/pages\/160\/revisions\/511"}],"wp:attachment":[{"href":"https:\/\/infocard.hu\/shop\/wp-json\/wp\/v2\/media?parent=160"}],"curies":[{"name":"wp","href":"https:\/\/api.w.org\/{rel}","templated":true}]}}