{"id":184,"date":"2026-01-09T19:30:31","date_gmt":"2026-01-09T19:30:31","guid":{"rendered":"https:\/\/infocard.hu\/shop\/?page_id=184"},"modified":"2026-01-22T13:25:13","modified_gmt":"2026-01-22T13:25:13","slug":"digitalis-ertekelok","status":"publish","type":"page","link":"https:\/\/infocard.hu\/shop\/digitalis-ertekelok\/","title":{"rendered":"Digit\u00e1lis \u00c9rt\u00e9kel\u0151k"},"content":{"rendered":"\n\n\n\n\n\n\n\n\n\n<h2>digit\u00e1lis \u00e9rt\u00e9kel\u0151k<\/h2>\n\n<p>Fontos sz\u00e1modra a Google, esetleg a Tripadvisor \u00e9rt\u00e9kel\u00e9s? Esetleg j\u00f3l j\u00f6nne az Inst\u00e1dra m\u00e9g sz\u00e1mos k\u00f6vet\u0151? Kimaxoln\u00e1d? Ez egy j\u00f3 m\u00f3dszer!<\/p>\n\r\n\r\n\r\n\r\n\r\n\r\n\r\n\r\n\r\n\r\n\r\n\r\n\r\n\r\n\r\n\r\n\r\n\r\n\n\n\n<h2>nfc k\u00e1rtya vagy kulcstart\u00f3 (token)<\/h2>\n<p style=\"text-align: center; \">Ak\u00e1r a bankk\u00e1rtya m\u00e9ret\u0171t, ak\u00e1r a kulcstart\u00f3 jelleg\u0171 token n\u00e9vjegyet v\u00e1lasztod, a minimalista, \u00e1m eszt\u00e9tikus matric\u00e1z\u00e1s\u00fa, \u00e9s \u00edgy m\u00e1r el\u00e9rhet\u0151 \u00e1r\u00fa&nbsp; term\u00e9keinkkel magad is, de munkat\u00e1rsaidat, koll\u00e9g\u00e1idat is ell\u00e1thatod.<\/p><br><p style=\"text-align: center; \">Ne v\u00e1rd a kisz\u00e1m\u00edthatatlant! Tegy\u00e9l szert egy vagy t\u00f6bb NFC k\u00e1rty\u00e1ra vagy kulcstart\u00f3 tokenre, ami n\u00e1lad \u00e9s koll\u00e9g\u00e1idn\u00e1l is mindig k\u00e9zn\u00e9l lesz! L\u00e1tod a&nbsp; kuncsaftodon, v\u00e1s\u00e1rl\u00f3don, l\u00e1togat\u00f3don az el\u00e9gedetts\u00e9get? K\u00e9rd meg, hogy \u00e9rt\u00e9keljen most, \u00e9s csak egy pillanat az eg\u00e9sz! Ha sz\u00fcks\u00e9ges, aktiv\u00e1lja telefonj\u00e1n az NFC m\u00f3dot, \u00e9s egy \u00e9rint\u00e9ssel m\u00e1r az \u00e9rt\u00e9kel\u0151 oldaladra is vezetted. \u00cdgy nem fogja elfelejteni a pozit\u00edv \u00e9rt\u00e9kel\u00e9st!<\/p>\n\n\n\n\n","protected":false},"excerpt":{"rendered":"","protected":false},"author":1,"featured_media":0,"parent":0,"menu_order":0,"comment_status":"closed","ping_status":"closed","template":"","meta":{"pagelayer_contact_templates":[],"_pagelayer_content":"","footnotes":""},"class_list":["post-184","page","type-page","status-publish","hentry"],"jetpack_sharing_enabled":true,"_links":{"self":[{"href":"https:\/\/infocard.hu\/shop\/wp-json\/wp\/v2\/pages\/184","targetHints":{"allow":["GET"]}}],"collection":[{"href":"https:\/\/infocard.hu\/shop\/wp-json\/wp\/v2\/pages"}],"about":[{"href":"https:\/\/infocard.hu\/shop\/wp-json\/wp\/v2\/types\/page"}],"author":[{"embeddable":true,"href":"https:\/\/infocard.hu\/shop\/wp-json\/wp\/v2\/users\/1"}],"replies":[{"embeddable":true,"href":"https:\/\/infocard.hu\/shop\/wp-json\/wp\/v2\/comments?post=184"}],"version-history":[{"count":10,"href":"https:\/\/infocard.hu\/shop\/wp-json\/wp\/v2\/pages\/184\/revisions"}],"predecessor-version":[{"id":523,"href":"https:\/\/infocard.hu\/shop\/wp-json\/wp\/v2\/pages\/184\/revisions\/523"}],"wp:attachment":[{"href":"https:\/\/infocard.hu\/shop\/wp-json\/wp\/v2\/media?parent=184"}],"curies":[{"name":"wp","href":"https:\/\/api.w.org\/{rel}","templated":true}]}}