{"id":2,"date":"2026-01-06T14:20:09","date_gmt":"2026-01-06T14:20:09","guid":{"rendered":"https:\/\/infocard.hu\/shop\/?page_id=2"},"modified":"2026-01-25T18:56:53","modified_gmt":"2026-01-25T18:56:53","slug":"digitalis-ertekelokartyak-tokenek","status":"publish","type":"page","link":"https:\/\/infocard.hu\/shop\/","title":{"rendered":"DIGIT\u00c1LIS \u00c9RT\u00c9KEL\u0150K\u00c1RTY\u00c1K, TOKENEK"},"content":{"rendered":"\n\n\n\n\n\n\n\n\n\n\n\n\n\n\n\n\n\r\n\r\n\r\n\r\n\n\n\n\r\n<p>DIGIT\u00c1LIS \u00c9RT\u00c9KEL\u0150K\u00c1RTY\u00c1K, TOKENEK, EL NEM FOGY\u00d3 N\u00c9VJEGYK\u00c1RTY\u00c1K<\/p>\r\n\n\r\n<p>SZOKT\u00c1L \u00c9RT\u00c9KELNI? M\u00c1S IS!<\/p>\r\n\n\r\n<p>Kihaszn\u00e1lhat\u00f3v\u00e1 v\u00e1lik a pillanat!<\/p>\r\n\n\n\n\n\n\r\n<p>Soha el nem fogy\u00f3 n\u00e9vjegyk\u00e1rtya!<\/p>\r\n\n\n\n\n\n\n\n\r\n<p>Kihaszn\u00e1lhat\u00f3v\u00e1 v\u00e1lik a pozit\u00edv pillanat!<\/p>\r\n\n\n\n\n\n\n\n\r\n<p>&#8230;ha valami k\u00e9zn\u00e9l van, az a slusszkulcs!<\/p>\r\n\n\n\n\n\n\n\n<p>Ne b\u00edzd magad a v\u00e9letlenre, ez a legdirektebb marketing eszk\u00f6z!<\/p>\n\n\n\n\n\n\n\n\n<h3 style=\"color: rgb(230, 0, 0);\">Minden term\u00e9k\u00fcnk be\u00e1ll\u00edtva, haszn\u00e1latra k\u00e9szen ker\u00fcl megk\u00fcld\u00e9sre!<\/h3>\n\n\n\n\n\r\n<p><span dir=\"auto\" style=\"vertical-align: inherit;\"><span dir=\"auto\" style=\"vertical-align: inherit; color: #e60000;\"><span style=\"color: #e60000;\"><strong style=\"color: #e60000;\">&#8211; bankk\u00e1rtya m\u00e9ret\u0171 diszkont term\u00e9keink &#8211;<\/strong><\/span><\/span><\/span><\/p>\r\n\n\r\n<p>AMIKOR A FUNKCI\u00d3 AZ ELS\u0150DLEGES<\/p>\r\n\n\n\n\r\n<p style=\"font-size: 15px;\"><span style=\"color: #9dabaf; font-family: Tahoma, Geneva, sans-serif;\">Pap\u00edr n\u00e9vjegyk\u00e1rtya? V\u00e1ltozik a c\u00edm, a telefonsz\u00e1m, v\u00e1ltoz\u00e1s az \u00e9let\u00fcnk. Legyen egy bankk\u00e1rtya m\u00e9ret\u0171 n\u00e9vjegyk\u00e1rty\u00e1d, \u00e9s..<\/span><\/p>\r\n\n\n\n\r\n<p style=\"font-size: 15px;\"><span style=\"font-family: Tahoma, Geneva, sans-serif;\"><span style=\"color: #9dabaf;\">A pillanat adott! Ott \u00e9s akkor, amikor a szimp\u00e1ti\u00e1t meg\u00e9rezted! Egy \u00e9rint\u00e9s, \u00e9s begy\u0171jt\u00f6tt\u00e9l egy pozit\u00edv \u00e9rt\u00e9kel\u00e9st&#8230;<\/span><\/span><\/p>\r\n\n\n\n\r\n<p style=\"font-size: 15px;\"><span style=\"font-family: Tahoma, Geneva, sans-serif;\"><span style=\"color: #9dabaf;\">Megk\u00e9rted, meg\u00edg\u00e9rte \u00e9s semmi? T\u00e1vozik? \u00d6r\u00f6mmel? Akkor \u00e9s ott k\u00e9rd meg, hogy azonnal \u00e9rt\u00e9keljen. \u00cdgy nem felejt\u0151dik&#8230;<\/span><\/span><\/p>\r\n\n\n\n\r\n<p style=\"font-size: 15px;\"><span style=\"color: #9dabaf; font-family: Tahoma, Geneva, sans-serif;\">Tudd kihaszn\u00e1lni a pillanat erej\u00e9t! Egy \u00e9rint\u00e9s, egy msodperc, +1 k\u00f6vet\u0151! Tev\u00e9keny r\u00e9szes\u00e9v\u00e9 tehetj\u00fck magunkat a kiv\u00e1r\u00e1s helyett!<\/span><\/p>\r\n\n\n\n\n\n\n\n\r\n<p>kulcstart\u00f3 m\u00e9ret\u0171 diszkont term\u00e9keink<\/p>\r\n\n\r\n<p>AMIKOR A m\u00c9RET IS fONTOS<\/p>\r\n\n\n\n\r\n<p><span style=\"background-color: transparent; font-size: 15px;\"><span style=\"color: #9dabaf; font-family: Tahoma, Geneva, sans-serif;\">Pap\u00edr n\u00e9vjegyk\u00e1rtya? V\u00e1ltozik a c\u00edm, a telefonsz\u00e1m, v\u00e1ltoz\u00e1s az \u00e9let\u00fcnk! Ha a kulcstart\u00f3d n\u00e1lad van, akkor n\u00e1lad a n\u00e9vjegyk\u00e1rty\u00e1d, \u00e9s nem fogy el! R\u00e1ad\u00e1sul nem kell bel\u0151le 200 darab.<\/span><\/span><\/p>\r\n\n\n\n\r\n<p><span style=\"background-color: transparent; font-size: 15px;\"><span style=\"color: #9dabaf; font-family: Tahoma, Geneva, sans-serif;\">A pillanat adott! Ott \u00e9s akkor, amikor a szimp\u00e1ti\u00e1t meg\u00e9rezted! Mi lesz n\u00e1lad? A kulcstart\u00f3d! Egy \u00e9rint\u00e9s, \u00e9s begy\u0171jt\u00f6tt\u00e9l egy \u00fajabb pozit\u00edv \u00e9rt\u00e9kel\u00e9st&#8230;<\/span><\/span><\/p>\r\n\n\n\n\r\n<p><span style=\"color: #9dabaf; font-family: Tahoma, Geneva, sans-serif;\"><span style=\"font-size: 15px;\">Megk\u00e9rted, meg\u00edg\u00e9rte, \u00e9s semmi? T\u00e1vozik? \u00d6r\u00f6mmel? Akkor \u00e9s ott k\u00e9rd meg, hogy azonnal \u00e9rt\u00e9keljen! \u00cdgy nem felejt\u0151dik, f\u0151leg ha van n\u00e1lad k\u00e1rtya, vagy token!<\/span><\/span><\/p>\r\n\n\n\n\r\n<p><span style=\"color: #9dabaf; font-family: Tahoma, Geneva, sans-serif;\"><span style=\"font-size: 15px;\">Tudd kihaszn\u00e1lni a pillanat erej\u00e9t! Egy \u00e9rint\u00e9s, egy pillanat, +1 k\u00f6vet\u0151! Mert a kulcstart\u00f3d mindig k\u00e9zn\u00e9l van, \u00e9s helyet sem foglal&#8230;<\/span><\/span><\/p>\r\n\n\n\n\n\n\n\n\n<!-- \u00c1RUKERES\u0150.HU CODE - PLEASE DO NOT MODIFY THE LINES BELOW -->\r\n<div style=\"background: transparent; text-align: center; padding: 0; margin: 0 auto; width: 130px;\"><a style=\"display: block; border: 0; padding: 0; margin: 0;\" title=\"\u00c1rukeres\u0151.hu\" href=\"https:\/\/www.arukereso.hu\/\"><img decoding=\"async\" style=\"padding: 0; margin: 0; border: 0;\" src=\"https:\/\/static.arukereso.hu\/hu\/logo-120.png\" alt=\"\u00c1rukeres\u0151.hu\" \/><\/a> <a style=\"line-height: 16px; font-size: 11px; font-family: Arial, Verdana; color: #fff;\" title=\"\u00c1rukeres\u0151.hu\" href=\"https:\/\/www.arukereso.hu\/\">\u00c1rukeres\u0151.hu<\/a><\/div>\r\n<!-- \u00c1RUKERES\u0150.HU CODE END -->\n\n\n\n\n\n\r\n<div id=\"olcsobbat_snippet\" class=\"text-center\" style=\"display: inline-block; background: #000; padding: 0;\"><a class=\"text-center\" style=\"display: block; border: 0; padding: 0; margin: 0 0 5px 0;\" title=\"Olcs\u00f3bbat.hu\" href=\"https:\/\/www.olcsobbat.hu\"> <img decoding=\"async\" style=\"padding: 0; margin: 0; border: 0;\" src=\"https:\/\/www.olcsobbat.hu\/img\/misc\/olcsobbat-300.png\" alt=\"Olcs\u00f3bbat.hu\" width=\"120\" border=\"0\" \/> <\/a><\/div>\r\n\n\n\n\n\n\n\n\n","protected":false},"excerpt":{"rendered":"","protected":false},"author":1,"featured_media":0,"parent":0,"menu_order":0,"comment_status":"closed","ping_status":"closed","template":"","meta":{"pagelayer_contact_templates":[],"_pagelayer_content":"","footnotes":""},"class_list":["post-2","page","type-page","status-publish","hentry"],"jetpack_sharing_enabled":true,"_links":{"self":[{"href":"https:\/\/infocard.hu\/shop\/wp-json\/wp\/v2\/pages\/2","targetHints":{"allow":["GET"]}}],"collection":[{"href":"https:\/\/infocard.hu\/shop\/wp-json\/wp\/v2\/pages"}],"about":[{"href":"https:\/\/infocard.hu\/shop\/wp-json\/wp\/v2\/types\/page"}],"author":[{"embeddable":true,"href":"https:\/\/infocard.hu\/shop\/wp-json\/wp\/v2\/users\/1"}],"replies":[{"embeddable":true,"href":"https:\/\/infocard.hu\/shop\/wp-json\/wp\/v2\/comments?post=2"}],"version-history":[{"count":116,"href":"https:\/\/infocard.hu\/shop\/wp-json\/wp\/v2\/pages\/2\/revisions"}],"predecessor-version":[{"id":547,"href":"https:\/\/infocard.hu\/shop\/wp-json\/wp\/v2\/pages\/2\/revisions\/547"}],"wp:attachment":[{"href":"https:\/\/infocard.hu\/shop\/wp-json\/wp\/v2\/media?parent=2"}],"curies":[{"name":"wp","href":"https:\/\/api.w.org\/{rel}","templated":true}]}}