{"id":26,"date":"2026-01-06T16:47:58","date_gmt":"2026-01-06T16:47:58","guid":{"rendered":"https:\/\/infocard.hu\/shop\/?page_id=26"},"modified":"2026-01-22T12:05:06","modified_gmt":"2026-01-22T12:05:06","slug":"vasarlasi-szabalyok-es-elallas-joga","status":"publish","type":"page","link":"https:\/\/infocard.hu\/shop\/vasarlasi-szabalyok-es-elallas-joga\/","title":{"rendered":"V\u00e1s\u00e1rl\u00e1si Szab\u00e1lyok \u00e9s El\u00e1ll\u00e1s joga"},"content":{"rendered":"\n\n\n\n\n\n\n\n\nA fogyaszt\u00f3 \u00e9s a v\u00e1llalkoz\u00e1s k\u00f6z\u00f6tti szerz\u0151d\u00e9sek r\u00e9szletes szab\u00e1lyair\u00f3l a 45\/2014. (II. 26.) sz\u00e1m\u00fa korm\u00e1nyrendelet sz\u00f3l, melyet itt tal\u00e1l, k\u00e9rem olvass\u00e1k \u00e1t, k\u00fcl\u00f6n\u00f6s tekintettel a korm\u00e1nyrendelet III. FEJEZET\u00c9RE. (AZ \u00dcZLETHELYIS\u00c9GEN K\u00cdV\u00dcL K\u00d6T\u00d6TT \u00c9S A T\u00c1VOLL\u00c9V\u0150K K\u00d6Z\u00d6TT K\u00d6T\u00d6TT SZERZ\u0150D\u00c9ST\u0150L ELT\u00c9R\u0150 SZERZ\u0150D\u00c9SEKRE VONATKOZ\u00d3 SZAB\u00c1LYOK) EL\u00c1LL\u00c1S JOGA \u00d6n 14 napon bel\u00fcl jogosult indokl\u00e1s n\u00e9lk\u00fcl el\u00e1llni a v\u00e1s\u00e1rl\u00e1st\u00f3l. Hasonl\u00f3k\u00e9ppen, ha a szolg\u00e1ltat\u00e1s ny\u00fajt\u00e1s\u00e1ra ir\u00e1nyul\u00f3 szerz\u0151d\u00e9s eset\u00e9n a szerz\u0151d\u00e9s teljes\u00edt\u00e9se megkezd\u0151d\u00f6tt, \u00d6n jogosult 14 napon bel\u00fcl indokl\u00e1s n\u00e9lk\u00fcl felmondani a szerz\u0151d\u00e9st.\r\n\r\nAz el\u00e1ll\u00e1si\/felmond\u00e1si hat\u00e1rid\u0151, a term\u00e9k \u00e1tv\u00e9tel\u00e9nek napj\u00e1t\u00f3l sz\u00e1m\u00edtott 14 nap. Ha \u00d6n el\u00e1ll\u00e1si\/felmond\u00e1si jog\u00e1val \u00e9lni k\u00edv\u00e1n, el\u00e1ll\u00e1si\/felmond\u00e1si sz\u00e1nd\u00e9k\u00e1t tartalmaz\u00f3 egy\u00e9rtelm\u0171 nyilatkozat\u00e1t k\u00f6teles eljuttatni email-ben az info@bal1.hu email c\u00edmre. \u00d6n hat\u00e1rid\u0151ben gyakorolja el\u00e1ll\u00e1si\/felmond\u00e1si jog\u00e1t, ha a fent megjel\u00f6lt hat\u00e1rid\u0151 lej\u00e1rta el\u0151tt elk\u00fcldi el\u00e1ll\u00e1si\/felmond\u00e1si nyilatkozat\u00e1t. A fogyaszt\u00f3t terheli annak bizony\u00edt\u00e1sa, hogy a 45\/2014. (II. 26.) Korm. rendelet 20. \u00a7-ban meghat\u00e1rozott el\u00e1ll\u00e1si \u00e9s felmond\u00e1si jogot a rendeletben foglaltakkal \u00f6sszhangban gyakorolta. Az ela\u0301lla\u0301s\/felmonda\u0301s joghata\u0301sai Ha O\u0308n ela\u0301ll etto\u030bl a szerzo\u030bde\u0301sto\u030bl, halade\u0301ktalanul, de legke\u0301so\u030bbb az O\u0308n ela\u0301lla\u0301si nyilatkozata\u0301nak ke\u0301zhezve\u0301tele\u0301to\u030bl sza\u0301mi\u0301tott 14 napon belu\u0308l visszate\u0301ri\u0301tju\u0308k az O\u0308n a\u0301ltal teljesi\u0301tett valamennyi ellenszolga\u0301ltata\u0301st, idee\u0301rtve a fuvaroza\u0301si ko\u0308ltse\u0301get is (kive\u0301ve azokat a to\u0308bbletko\u0308ltse\u0301geket, amelyek amiatt meru\u0308ltek fel, hogy O\u0308n az a\u0301ltalunk felki\u0301na\u0301lt, legolcso\u0301bb szoka\u0301sos fuvaroza\u0301si mo\u0301dto\u0301l elte\u0301ro\u030b fuvaroza\u0301si mo\u0301dot va\u0301lasztott.) A visszate\u0301ri\u0301te\u0301s sora\u0301n az eredeti u\u0308gylet sora\u0301n alkalmazott fizete\u0301si mo\u0301ddal egyezo\u030b fizete\u0301si mo\u0301dot alkalmazunk, kive\u0301ve, ha O\u0308n ma\u0301s fizete\u0301si mo\u0301d ige\u0301nybeve\u0301tele\u0301hez kifejezetten a hozza\u0301ja\u0301rula\u0301sa\u0301t adja; e visszate\u0301ri\u0301te\u0301si mo\u0301d alkalmaza\u0301sa\u0301bo\u0301l kifolyo\u0301lag O\u0308nt semmilyen to\u0308bbletko\u0308ltse\u0301g nem terheli. A visszate\u0301ri\u0301te\u0301st mindaddig visszatarthatjuk, ami\u0301g vissza nem kaptuk a terme\u0301ket, vagy O\u0308n nem igazolta, hogy azt visszaku\u0308ldte: a ketto\u030b ko\u0308zu\u0308l a kora\u0301bbi ido\u030bpontot kell figyelembe venni. O\u0308n ko\u0308teles sza\u0301munkra a terme\u0301ket indokolatlan ke\u0301sedelem ne\u0301lku\u0308l, de legke\u0301so\u030bbb ela\u0301lla\u0301si nyilatkozata\u0301nak ko\u0308zle\u0301se\u0301to\u030bl sza\u0301mi\u0301tott 14 napon belu\u0308l visszaku\u0308ldeni vagy a\u0301tadni. A hata\u0301rido\u030b betartottnak mino\u030bsu\u0308l, ha a 14 napos hata\u0301rido\u030b letelte elo\u030btt elku\u0308ldi a terme\u0301ket. A terme\u0301k visszaku\u0308lde\u0301se\u0301nek ko\u0308zvetlen ko\u0308ltse\u0301ge\u0301t O\u0308n viseli.\r\n\r\nO\u0308n kiza\u0301ro\u0301lag akkor vonhato\u0301 felelo\u030bsse\u0301gre a terme\u0301kben beko\u0308vetkezett e\u0301rte\u0301kcso\u0308kkene\u0301se\u0301rt, ha az a terme\u0301k jellege\u0301nek, tulajdonsa\u0301gainak e\u0301s mu\u030bko\u0308de\u0301se\u0301nek mega\u0301llapi\u0301ta\u0301sa\u0301hoz szu\u0308kse\u0301ges haszna\u0301latot meghalado\u0301 haszna\u0301lat miatt ko\u0308vetkezett be. Nem illeti meg a fogyaszto\u0301t az ela\u0301lla\u0301si \/ felmonda\u0301si jog &#8211; Olyan terme\u0301k esete\u0301n, melynek a\u0301ra a va\u0301llalkoza\u0301s a\u0301ltal nem ira\u0301nyi\u0301thato\u0301 pe\u0301nzpiaci mozga\u0301sok, ingadoza\u0301sokto\u0301l fu\u0308gg &#8211; Kifejezetten a fogyaszto\u0301 ke\u0301re\u0301se\u0301re, az o\u030b a\u0301ltal szabott ige\u0301nyek alapja\u0301n egyedi ke\u0301re\u0301se\u0301nek megfelelo\u030ben keru\u0308lt elo\u030ba\u0301lli\u0301ta\u0301sra &#8211; Romlando\u0301 vagy mino\u030bse\u0301ge\u0301t ro\u0308vid ideit mego\u030brzo\u030b terme\u0301kek &#8211; Hang, illetve ke\u0301p, vagy szoftver esete\u0301n, ha a csomagola\u0301sa\u0301t felbontotta &#8211; Olyan za\u0301rt csomagola\u0301su\u0301 terme\u0301kek esete\u0301n amelyek ege\u0301szse\u0301gve\u0301delmi vagy higie\u0301niai okokbo\u0301l a ve\u0301do\u030bcsomagola\u0301s felbonta\u0301sa\u0301t ko\u0308veto\u030ben nem ku\u0308ldheto\u030b vissza &#8211; A szolg\u00e1ltat\u00e1s ny\u00fajt\u00e1s\u00e1ra ir\u00e1nyul\u00f3 szerz\u0151d\u00e9s eset\u00e9ben a szolg\u00e1ltat\u00e1s eg\u00e9sz\u00e9nek teljes\u00edt\u00e9s\u00e9t k\u00f6vet\u0151en, ha a v\u00e1llalkoz\u00e1s a teljes\u00edt\u00e9st a fogyaszt\u00f3 kifejezett, el\u0151zetes beleegyez\u00e9s\u00e9vel kezdte meg, \u00e9s a fogyaszt\u00f3 tudom\u00e1sul vette, hogy a szolg\u00e1ltat\u00e1s eg\u00e9sz\u00e9nek teljes\u00edt\u00e9s\u00e9t k\u00f6vet\u0151en felmond\u00e1si jog\u00e1t elvesz\u00edti.\n\n\n\n","protected":false},"excerpt":{"rendered":"","protected":false},"author":1,"featured_media":0,"parent":0,"menu_order":0,"comment_status":"closed","ping_status":"closed","template":"","meta":{"pagelayer_contact_templates":[],"_pagelayer_content":"","footnotes":""},"class_list":["post-26","page","type-page","status-publish","hentry"],"jetpack_sharing_enabled":true,"_links":{"self":[{"href":"https:\/\/infocard.hu\/shop\/wp-json\/wp\/v2\/pages\/26","targetHints":{"allow":["GET"]}}],"collection":[{"href":"https:\/\/infocard.hu\/shop\/wp-json\/wp\/v2\/pages"}],"about":[{"href":"https:\/\/infocard.hu\/shop\/wp-json\/wp\/v2\/types\/page"}],"author":[{"embeddable":true,"href":"https:\/\/infocard.hu\/shop\/wp-json\/wp\/v2\/users\/1"}],"replies":[{"embeddable":true,"href":"https:\/\/infocard.hu\/shop\/wp-json\/wp\/v2\/comments?post=26"}],"version-history":[{"count":3,"href":"https:\/\/infocard.hu\/shop\/wp-json\/wp\/v2\/pages\/26\/revisions"}],"predecessor-version":[{"id":475,"href":"https:\/\/infocard.hu\/shop\/wp-json\/wp\/v2\/pages\/26\/revisions\/475"}],"wp:attachment":[{"href":"https:\/\/infocard.hu\/shop\/wp-json\/wp\/v2\/media?parent=26"}],"curies":[{"name":"wp","href":"https:\/\/api.w.org\/{rel}","templated":true}]}}