{"id":110,"date":"2026-01-09T14:54:25","date_gmt":"2026-01-09T14:54:25","guid":{"rendered":"https:\/\/infocard.hu\/shop\/?post_type=product&#038;p=110"},"modified":"2026-02-21T12:55:58","modified_gmt":"2026-02-21T12:55:58","slug":"google-nfc-ertekelo-kulcstarto","status":"publish","type":"product","link":"https:\/\/infocard.hu\/shop\/product\/google-nfc-ertekelo-kulcstarto\/","title":{"rendered":"Google \u00c9rt\u00e9kel\u00e9sgy\u0171jt\u0151 NFC Kulcstart\u00f3"},"content":{"rendered":"<p>RFID token &#8211; 13.56 MHz Kulcstart\u00f3 m\u0171anyag NFC token. Szinte minden NFC k\u00e9pes telefonnal kompatibilis. A fogad\u00f3 f\u00e9l telefonj\u00e1n ha enged\u00e9lyezve van az &#8222;NFC&#8221; kapcsolat, egy \u00e9rint\u00e9ssel \u00e9rt\u00e9kelhetik az \u00d6n c\u00e9g\u00e9t.<\/p>\n<p><span style=\"color: #ff6600;\">Ahhoz, hogy a term\u00e9ket be\u00e1ll\u00edthassuk, k\u00e9rlek n\u00e9zd meg a v\u00e1s\u00e1rl\u00e1s befejez\u00e9se ut\u00e1n \u00e9rkez\u0151 visszaigazol\u00f3 email \u00e9rtes\u00edt\u00e9st! Azon kereszt\u00fcl adhat\u00f3 meg a k\u00e1rty\u00e1k, tokenek (kulcstart\u00f3k) be\u00e1ll\u00edt\u00e1s\u00e1hoz sz\u00fcks\u00e9ges adatok!<\/span><\/p>\n","protected":false},"excerpt":{"rendered":"<p><span style=\"color: #ff6600;\">Ahhoz, hogy a term\u00e9ket be\u00e1ll\u00edthassuk, k\u00e9rlek n\u00e9zd meg a v\u00e1s\u00e1rl\u00e1s befejez\u00e9se ut\u00e1n \u00e9rkez\u0151 visszaigazol\u00f3 email \u00e9rtes\u00edt\u00e9st! Azon kereszt\u00fcl adhat\u00f3 meg a k\u00e1rty\u00e1k, tokenek (kulcstart\u00f3k) be\u00e1ll\u00edt\u00e1s\u00e1hoz sz\u00fcks\u00e9ges adatok!<\/span><\/p>\n","protected":false},"featured_media":177,"template":"","meta":{"pagelayer_contact_templates":[],"_pagelayer_content":""},"product_brand":[16],"product_cat":[17],"product_tag":[18,19],"class_list":{"0":"post-110","1":"product","2":"type-product","3":"status-publish","4":"has-post-thumbnail","6":"product_brand-infocart","7":"product_cat-ertekelesgyujto-nfc-kartya","8":"product_tag-nfc","9":"product_tag-rfid","10":"product_shipping_class-nfc-rfid-kartyak-es-tokenek","12":"first","13":"instock","14":"taxable","15":"shipping-taxable","16":"purchasable","17":"product-type-simple"},"jetpack_sharing_enabled":true,"_links":{"self":[{"href":"https:\/\/infocard.hu\/shop\/wp-json\/wp\/v2\/product\/110","targetHints":{"allow":["GET"]}}],"collection":[{"href":"https:\/\/infocard.hu\/shop\/wp-json\/wp\/v2\/product"}],"about":[{"href":"https:\/\/infocard.hu\/shop\/wp-json\/wp\/v2\/types\/product"}],"wp:featuredmedia":[{"embeddable":true,"href":"https:\/\/infocard.hu\/shop\/wp-json\/wp\/v2\/media\/177"}],"wp:attachment":[{"href":"https:\/\/infocard.hu\/shop\/wp-json\/wp\/v2\/media?parent=110"}],"wp:term":[{"taxonomy":"product_brand","embeddable":true,"href":"https:\/\/infocard.hu\/shop\/wp-json\/wp\/v2\/product_brand?post=110"},{"taxonomy":"product_cat","embeddable":true,"href":"https:\/\/infocard.hu\/shop\/wp-json\/wp\/v2\/product_cat?post=110"},{"taxonomy":"product_tag","embeddable":true,"href":"https:\/\/infocard.hu\/shop\/wp-json\/wp\/v2\/product_tag?post=110"}],"curies":[{"name":"wp","href":"https:\/\/api.w.org\/{rel}","templated":true}]}}