{"id":131,"date":"2026-01-09T15:55:40","date_gmt":"2026-01-09T15:55:40","guid":{"rendered":"https:\/\/infocard.hu\/shop\/?post_type=product&#038;p=131"},"modified":"2026-02-21T12:58:25","modified_gmt":"2026-02-21T12:58:25","slug":"digitalis-nfc-nevjegykartya","status":"publish","type":"product","link":"https:\/\/infocard.hu\/shop\/product\/digitalis-nfc-nevjegykartya\/","title":{"rendered":"Digit\u00e1lis NFC N\u00e9vjegyk\u00e1rtya"},"content":{"rendered":"<p>Bankk\u00e1rtya m\u00e9ret\u0171 RFID k\u00e1rtya &#8211; K\u00e1rtya 13.56 MHz (#DAT5111) Bankk\u00e1rtya m\u00e9ret\u0171 m\u0171anyag NFC \u00e9rint\u0151k\u00e1rtya. A legt\u00f6bb telefonnal kompatibilis. A fogad\u00f3 f\u00e9l telefonj\u00e1n, ha enged\u00e9lyezve van az &#8222;NFC&#8221; kapcsolat, egy \u00e9rint\u00e9ssel \u00e1tadhat\u00f3 a teljes n\u00e9vjegy adat\u00e1llom\u00e1nya. N\u00e9v, c\u00e9gn\u00e9v, c\u00edm, telefonsz\u00e1m, e-mail c\u00edm egy \u00e9rint\u00e9ssel. A term\u00e9k a k\u00e9pen l\u00e1that\u00f3 vinyl matric\u00e1val dekor\u00e1lva ker\u00fcl felad\u00e1sra.<\/p>\n<p><span style=\"color: #ff6600;\">Ahhoz, hogy a term\u00e9ket be\u00e1ll\u00edthassuk, k\u00e9rlek n\u00e9zd meg a v\u00e1s\u00e1rl\u00e1s befejez\u00e9se ut\u00e1n \u00e9rkez\u0151 visszaigazol\u00f3 email \u00e9rtes\u00edt\u00e9st! Azon kereszt\u00fcl adhat\u00f3 meg a k\u00e1rty\u00e1k, tokenek (kulcstart\u00f3k) be\u00e1ll\u00edt\u00e1s\u00e1hoz sz\u00fcks\u00e9ges adatok!<\/span><\/p>\n<p>&nbsp;<\/p>\n<p>&nbsp;<\/p>\n","protected":false},"excerpt":{"rendered":"<p><span style=\"color: #ff6600;\">Ahhoz, hogy a term\u00e9ket be\u00e1ll\u00edthassuk, k\u00e9rlek n\u00e9zd meg a v\u00e1s\u00e1rl\u00e1s befejez\u00e9se ut\u00e1n \u00e9rkez\u0151 visszaigazol\u00f3 email \u00e9rtes\u00edt\u00e9st! Azon kereszt\u00fcl adhat\u00f3 meg a k\u00e1rty\u00e1k, tokenek (kulcstart\u00f3k) be\u00e1ll\u00edt\u00e1s\u00e1hoz sz\u00fcks\u00e9ges adatok!<\/span><\/p>\n","protected":false},"featured_media":337,"template":"","meta":{"pagelayer_contact_templates":[],"_pagelayer_content":""},"product_brand":[16],"product_cat":[17],"product_tag":[18,19],"class_list":{"0":"post-131","1":"product","2":"type-product","3":"status-publish","4":"has-post-thumbnail","6":"product_brand-infocart","7":"product_cat-ertekelesgyujto-nfc-kartya","8":"product_tag-nfc","9":"product_tag-rfid","10":"product_shipping_class-nfc-rfid-kartyak-es-tokenek","12":"first","13":"instock","14":"taxable","15":"shipping-taxable","16":"purchasable","17":"product-type-simple"},"jetpack_sharing_enabled":true,"_links":{"self":[{"href":"https:\/\/infocard.hu\/shop\/wp-json\/wp\/v2\/product\/131","targetHints":{"allow":["GET"]}}],"collection":[{"href":"https:\/\/infocard.hu\/shop\/wp-json\/wp\/v2\/product"}],"about":[{"href":"https:\/\/infocard.hu\/shop\/wp-json\/wp\/v2\/types\/product"}],"wp:featuredmedia":[{"embeddable":true,"href":"https:\/\/infocard.hu\/shop\/wp-json\/wp\/v2\/media\/337"}],"wp:attachment":[{"href":"https:\/\/infocard.hu\/shop\/wp-json\/wp\/v2\/media?parent=131"}],"wp:term":[{"taxonomy":"product_brand","embeddable":true,"href":"https:\/\/infocard.hu\/shop\/wp-json\/wp\/v2\/product_brand?post=131"},{"taxonomy":"product_cat","embeddable":true,"href":"https:\/\/infocard.hu\/shop\/wp-json\/wp\/v2\/product_cat?post=131"},{"taxonomy":"product_tag","embeddable":true,"href":"https:\/\/infocard.hu\/shop\/wp-json\/wp\/v2\/product_tag?post=131"}],"curies":[{"name":"wp","href":"https:\/\/api.w.org\/{rel}","templated":true}]}}